{"id":187,"date":"2024-04-13T14:24:03","date_gmt":"2024-04-13T14:24:03","guid":{"rendered":"http:\/\/antarja.local\/strona-glowna\/"},"modified":"2024-10-27T15:50:54","modified_gmt":"2024-10-27T15:50:54","slug":"strona-glowna","status":"publish","type":"page","link":"https:\/\/antarjaquartet.com\/pl\/","title":{"rendered":"Strona G\u0142\u00f3wna"},"content":{"rendered":"\n<style>\n  #asset-block_3eda5dc801996a00c8dec8c619f6072a {\n          background-color: #FFFBE6;\n              color: #ffffff;\n              height: 100vh;\n      height: 100svh;\n      }\n<\/style>\n\n<div id=\"asset-block_3eda5dc801996a00c8dec8c619f6072a\" class=\"ass asset--video\">\n\n  \n<div class=\"asset ass__asset\">\n\n  \n    <video class=\"asset__video \" autoplay muted loop playsinline poster=\"\" fetchpriority=\"high\">\n      <source src=\"https:\/\/antarja.you2.pl\/wp-content\/uploads\/2024\/10\/Antarja_Promo_short.mp4\" type=\"video\/mp4\">\n    <\/video>\n\n      \n  \n  \n<\/div>\n\n      <h2 class=\"ass__text center\">\n      <span>\n        antarja      <\/span>\n    <\/h2>\n    <p class=\"ass__text ass__text--bottom\">antarja<\/p>\n  \n<\/div>\n\n\n\n<style>\n  #intro-block_0841e6c79e28b8e9275c6bc435136c80 {\n          }\n<\/style>\n\n<div id=\"intro-block_0841e6c79e28b8e9275c6bc435136c80\" class=\"intro\">\n  <div class=\"container center\">\n          <h2 class=\"t-96 reveals\"><span>o nas<\/span><\/h2>\n              <p class=\"intro__text t-24 reveal\">Antarja Quartet to nowoczesny zesp\u00f3\u0142 \u0142\u0105cz\u0105cy klasyczny repertuar z premierami muzyki najnowszej. Kwartet zdoby\u0142 uznanie za innowacyjne podej\u015bcie, wyst\u0119puj\u0105c na mi\u0119dzynarodowych scenach i wsp\u00f3\u0142pracuj\u0105c z r\u00f3\u017cnorodnymi artystami.<\/p>\n              <a href=\"https:\/\/antarjaquartet.com\/about\/\" class=\"btn mt-60 mt-mob-40 reveal\" target=\"\">zobacz wi\u0119cej<\/a>\n      <\/div>\n  <picture class=\"intro__decor\">\n    <source srcset=\"https:\/\/antarjaquartet.com\/wp-content\/themes\/antarja\/assets\/images\/plyta.png.webp\" type=\"image\/webp\">\n    <img decoding=\"async\" src=\"https:\/\/antarjaquartet.com\/wp-content\/themes\/antarja\/assets\/images\/plyta.png\" alt=\"Plyta\" loading=\"lazy\">\n  <\/picture>\n<\/div>\n\n\n\n<style>\n  #asset-block_f1dca592e03a11e9a91f7c15cde074e4 {\n              }\n<\/style>\n\n<div id=\"asset-block_f1dca592e03a11e9a91f7c15cde074e4\" class=\"ass\">\n\n  \n<div class=\"asset ass__asset\">\n\n  \n    <img loading=\"lazy\" decoding=\"async\" width=\"2560\" height=\"1707\" src=\"https:\/\/antarja.you2.pl\/wp-content\/uploads\/2024\/06\/00030_antarja-scaled.jpg\" class=\"asset__image dt-only\" alt=\"\" srcset=\"https:\/\/antarja.you2.pl\/wp-content\/uploads\/2024\/06\/00030_antarja-scaled.jpg 2560w, https:\/\/antarja.you2.pl\/wp-content\/uploads\/2024\/06\/00030_antarja-800x533.jpg 800w, https:\/\/antarja.you2.pl\/wp-content\/uploads\/2024\/06\/00030_antarja-1300x867.jpg 1300w, https:\/\/antarja.you2.pl\/wp-content\/uploads\/2024\/06\/00030_antarja-300x200.jpg 300w, https:\/\/antarja.you2.pl\/wp-content\/uploads\/2024\/06\/00030_antarja-768x512.jpg 768w, https:\/\/antarja.you2.pl\/wp-content\/uploads\/2024\/06\/00030_antarja-1536x1024.jpg 1536w, https:\/\/antarja.you2.pl\/wp-content\/uploads\/2024\/06\/00030_antarja-2048x1365.jpg 2048w\" sizes=\"auto, (max-width: 2560px) 100vw, 2560px\" \/>\n          <img loading=\"lazy\" decoding=\"async\" width=\"1709\" height=\"2560\" src=\"https:\/\/antarja.you2.pl\/wp-content\/uploads\/2024\/10\/00045_antarja-scaled.jpg\" class=\"asset__image asset__image--mob mob-only\" alt=\"\" srcset=\"https:\/\/antarja.you2.pl\/wp-content\/uploads\/2024\/10\/00045_antarja-scaled.jpg 1709w, https:\/\/antarja.you2.pl\/wp-content\/uploads\/2024\/10\/00045_antarja-534x800.jpg 534w, https:\/\/antarja.you2.pl\/wp-content\/uploads\/2024\/10\/00045_antarja-868x1300.jpg 868w, https:\/\/antarja.you2.pl\/wp-content\/uploads\/2024\/10\/00045_antarja-200x300.jpg 200w, https:\/\/antarja.you2.pl\/wp-content\/uploads\/2024\/10\/00045_antarja-768x1150.jpg 768w, https:\/\/antarja.you2.pl\/wp-content\/uploads\/2024\/10\/00045_antarja-1025x1536.jpg 1025w, https:\/\/antarja.you2.pl\/wp-content\/uploads\/2024\/10\/00045_antarja-1367x2048.jpg 1367w\" sizes=\"auto, (max-width: 1709px) 100vw, 1709px\" \/>  \n    \n\n\n  \n  \n<\/div>\n\n  \n<\/div>\n\n\n\n<style>\n  #featured-media-block_0af3204f32ba458f567211d294e9e27d {\n          background-color: #ffe6f6;\n              color: #010338;\n      }\n<\/style>\n\n<div id=\"featured-media-block_0af3204f32ba458f567211d294e9e27d\" class=\"featured-media\">\n  <div class=\"container pt-96 pb-96 pt-mob-50 pb-mob-50\">\n          <h2 class=\"t-96 center mb-75 mb-mob-40 reveals\"><span>media<\/span><\/h2>\n              <div class=\"featured-media__grid\">\n                  <div class=\"featured-media__item\">\n            \n<figure class=\"wp-block-embed is-type-video is-provider-youtube wp-block-embed-youtube wp-embed-aspect-16-9 wp-has-aspect-ratio\"><div class=\"wp-block-embed__wrapper\">\r\n<iframe loading=\"lazy\" title=\"Antarja Quartet - Krzysztof Penderecki - String Quartet No.3\" width=\"500\" height=\"281\" src=\"https:\/\/www.youtube.com\/embed\/rZhb2VmI_uI?feature=oembed\" frameborder=\"0\" allow=\"accelerometer; autoplay; clipboard-write; encrypted-media; gyroscope; picture-in-picture; web-share\" referrerpolicy=\"strict-origin-when-cross-origin\" allowfullscreen><\/iframe>\r\n<\/div><\/figure>\r\n          <\/div>\n                  <div class=\"featured-media__item\">\n            \n<figure class=\"wp-block-embed is-type-rich is-provider-spotify wp-block-embed-spotify wp-embed-aspect-21-9 wp-has-aspect-ratio\"><div class=\"wp-block-embed__wrapper\">\n<iframe title=\"Spotify Embed: Antarja Quartet\" style=\"border-radius: 12px\" width=\"100%\" height=\"352\" frameborder=\"0\" allowfullscreen allow=\"autoplay; clipboard-write; encrypted-media; fullscreen; picture-in-picture\" loading=\"lazy\" src=\"https:\/\/open.spotify.com\/embed\/artist\/2D388G4E2kAY98zZKSFEFI?si=9u5PU8J3Q6CnpkJWJv9Dow&#038;utm_source=oembed\"><\/iframe>\n<\/div><\/figure>\n          <\/div>\n                  <div class=\"featured-media__item\">\n            \n<figure class=\"wp-block-image size-full\"><img loading=\"lazy\" decoding=\"async\" width=\"1200\" height=\"1079\" src=\"https:\/\/antarjaquartet.com\/wp-content\/uploads\/2024\/06\/okladka.jpg\" alt=\"\" class=\"wp-image-340\" srcset=\"https:\/\/antarja.you2.pl\/wp-content\/uploads\/2024\/06\/okladka.jpg 1200w, https:\/\/antarja.you2.pl\/wp-content\/uploads\/2024\/06\/okladka-800x719.jpg 800w, https:\/\/antarja.you2.pl\/wp-content\/uploads\/2024\/06\/okladka-300x270.jpg 300w, https:\/\/antarja.you2.pl\/wp-content\/uploads\/2024\/06\/okladka-768x691.jpg 768w\" sizes=\"auto, (max-width: 1200px) 100vw, 1200px\" \/><figcaption class=\"wp-element-caption\">CD Cover project: Marcin Bronicki<\/figcaption><\/figure>\n          <\/div>\n                  <div class=\"featured-media__item\">\n            \n<figure class=\"wp-block-image size-full is-style-default\"><img loading=\"lazy\" decoding=\"async\" width=\"764\" height=\"431\" src=\"https:\/\/antarjaquartet.com\/wp-content\/uploads\/2024\/04\/media2.png\" alt=\"fot. Joanna Ga\u0142uszka\" class=\"wp-image-62\" srcset=\"https:\/\/antarja.you2.pl\/wp-content\/uploads\/2024\/04\/media2.png 764w, https:\/\/antarja.you2.pl\/wp-content\/uploads\/2024\/04\/media2-300x169.png 300w\" sizes=\"auto, (max-width: 764px) 100vw, 764px\" \/><figcaption class=\"wp-element-caption\">photo: Joanna Ga\u0142uszka<\/figcaption><\/figure>\n          <\/div>\n              <\/div>\n              <div class=\"featured-media__link-wrap center\">\n        <a href=\"https:\/\/antarjaquartet.com\/pl\/media\/\" class=\"btn btn--rose-bg mt-75 mt-mob-50\" target=\"\">zobacz wi\u0119cej<\/a>\n      <\/div>\n      <\/div>\n<\/div>\n\n\n<style>\n  #reviews-block_c77aac86486c8604b09dd8c03d74ad03 {\n          }\n<\/style>\n\n<div id=\"reviews-block_c77aac86486c8604b09dd8c03d74ad03\" class=\"reviews pt-85 pt-mob-50 pb-180 pb-mob-96\">\n  <div class=\"container\">\n    <div class=\"reviews__grid\">\n              <h2 class=\"t-96 reviews__heading reveals\"><span>recenzje<\/span><\/h2>\n                    <div class=\"reviews__column reviews__column--1 mt-96 mt-mob-60\">\n                      <div class=\"reviews__item reveal\">\n              <p class=\"italic\">&#8222;Szczeg\u00f3ln\u0105 rado\u015b\u0107 wywo\u0142uje ich zami\u0142owanie do muzyki wsp\u00f3\u0142czesnej, kt\u00f3r\u0105 wykonuj\u0105 z godn\u0105 uwagi wra\u017cliwo\u015bci\u0105 i ju\u017c z zauwa\u017calnym do\u015bwiadczeniem.&#8221;<\/p>\n              <h3 class=\"t-20 ls-7\">Sanda Majurec, kompozytorka<\/p>\n            <\/div>\n                      <div class=\"reviews__item reveal\">\n              <p class=\"italic\">&#8222;Ju\u017c od pierwszych d\u017awi\u0119k\u00f3w wywar\u0142y na mnie ogromne wra\u017cenie&#8230; bez w\u0105tpienia wybitni muzycy \u2013 poczu\u0142em potrzeb\u0119 napisania muzyki w\u0142a\u015bnie dla nich.&#8221;\r\n<\/p>\n              <h3 class=\"t-20 ls-7\">Orkun Agir, kompozytor<\/p>\n            <\/div>\n                  <\/div>\n                    <div class=\"reviews__column reviews__column--2 mt-96 mt-mob-60\">\n                      <div class=\"reviews__item reveal\">\n              <p class=\"italic\">&#8222;Antarja Quartet odnalaz\u0142 swoj\u0105 w\u0142asn\u0105, bardzo indywidualn\u0105 \u015bcie\u017ck\u0119, inn\u0105 ni\u017c inne kwartety, z kt\u00f3rymi mia\u0142am okazj\u0119 pracowa\u0107.&#8221;<\/p>\n              <h3 class=\"t-20 ls-7\">Isidora Zebeljan, kompozytorka<\/p>\n            <\/div>\n                      <div class=\"reviews__item reveal\">\n              <p class=\"italic\">&#8222;Wspania\u0142y zesp\u00f3\u0142! Zaanga\u017cowanie emocjonalne, wielka energia, wasz kwartet brzmi jak jeden organizm \u2013 dok\u0142adnie tego oczekuje si\u0119 w muzyce kameralnej.&#8221;<\/p>\n              <h3 class=\"t-20 ls-7\">Wilfrid Humbert, cz\u0142onek jury VII Mi\u0119dzynarodowego Konkursu Muzycznego Odin Online 2021<\/p>\n            <\/div>\n                  <\/div>\n          <\/div>\n  <\/div>\n  <img decoding=\"async\" src=\"https:\/\/antarjaquartet.com\/wp-content\/themes\/antarja\/assets\/images\/lis.png\" alt=\"Lis\" class=\"reviews__decor\" loading=\"lazy\">\n<\/div>\n\n\n\n<style>\n  #latest-news-block_2d24d9d351c7b1b14b016d7188bd7f7f {\n          background-color: #ffe2f5;\n              color: #010338;\n      }\n<\/style>\n\n<div id=\"latest-news-block_2d24d9d351c7b1b14b016d7188bd7f7f\" class=\"latest-news pt-85 pt-mob-50 pb-85 pb-mob-50\">\n  <div class=\"container\">\n          <h2 class=\"t-96 mb-40 reveals\"><span>news<\/span><\/h2>\n        <div class=\"latest-news__grid anim-trigger\">\n      \n<div class=\"news-tile reveal-child\">\n\n  <a href=\"https:\/\/antarjaquartet.com\/pl\/string-quartet-festival-in-italy\/\" class=\"news-tile__link\">\n    <div class=\"news-tile__image\">\n      <img loading=\"lazy\" decoding=\"async\" width=\"1300\" height=\"867\" src=\"https:\/\/antarja.you2.pl\/wp-content\/uploads\/2024\/10\/festival-quartetto-1300x867.jpg\" class=\"attachment-large size-large\" alt=\"\" srcset=\"https:\/\/antarja.you2.pl\/wp-content\/uploads\/2024\/10\/festival-quartetto-1300x867.jpg 1300w, https:\/\/antarja.you2.pl\/wp-content\/uploads\/2024\/10\/festival-quartetto-800x533.jpg 800w, https:\/\/antarja.you2.pl\/wp-content\/uploads\/2024\/10\/festival-quartetto-300x200.jpg 300w, https:\/\/antarja.you2.pl\/wp-content\/uploads\/2024\/10\/festival-quartetto-768x512.jpg 768w, https:\/\/antarja.you2.pl\/wp-content\/uploads\/2024\/10\/festival-quartetto.jpg 1500w\" sizes=\"auto, (max-width: 1300px) 100vw, 1300px\" \/>    <\/div>\n    <div class=\"news-tile__content mt-16 mt-mob-8\">\n      <h3 class=\"news-tile__title t-28 ls-7\">Festival Quartetto d&#8217;Archi we W\u0142oszech<\/h3>\n      <p class=\"news-tile__excerpt t-16 mt-8 lh-150\">16.07.2024, Gropina, W\u0142ochy<\/p>\n    <\/div>\n  <\/a>\n<\/div>\n\n\n<div class=\"news-tile reveal-child\">\n\n  <a href=\"https:\/\/antarjaquartet.com\/pl\/koncert-painted-by-music-in-copenhagen\/\" class=\"news-tile__link\">\n    <div class=\"news-tile__image\">\n      <img loading=\"lazy\" decoding=\"async\" width=\"1300\" height=\"709\" src=\"https:\/\/antarja.you2.pl\/wp-content\/uploads\/2024\/10\/Antarja-Oriz.-B-1300x709.png\" class=\"attachment-large size-large\" alt=\"\" srcset=\"https:\/\/antarja.you2.pl\/wp-content\/uploads\/2024\/10\/Antarja-Oriz.-B-1300x709.png 1300w, https:\/\/antarja.you2.pl\/wp-content\/uploads\/2024\/10\/Antarja-Oriz.-B-800x436.png 800w, https:\/\/antarja.you2.pl\/wp-content\/uploads\/2024\/10\/Antarja-Oriz.-B-300x164.png 300w, https:\/\/antarja.you2.pl\/wp-content\/uploads\/2024\/10\/Antarja-Oriz.-B-768x419.png 768w, https:\/\/antarja.you2.pl\/wp-content\/uploads\/2024\/10\/Antarja-Oriz.-B-1536x838.png 1536w, https:\/\/antarja.you2.pl\/wp-content\/uploads\/2024\/10\/Antarja-Oriz.-B.png 1980w\" sizes=\"auto, (max-width: 1300px) 100vw, 1300px\" \/>    <\/div>\n    <div class=\"news-tile__content mt-16 mt-mob-8\">\n      <h3 class=\"news-tile__title t-28 ls-7\">Koncert \u201ePainted by Music\u201d w Kopenhadze<\/h3>\n      <p class=\"news-tile__excerpt t-16 mt-8 lh-150\">24\/06\/2024 Koncert jest cz\u0119\u015bci\u0105 mi\u0119dzynarodowego projektu MERITA<\/p>\n    <\/div>\n  <\/a>\n<\/div>\n\n\n<div class=\"news-tile reveal-child\">\n\n  <a href=\"https:\/\/antarjaquartet.com\/pl\/koncert-w-krakowie\/\" class=\"news-tile__link\">\n    <div class=\"news-tile__image\">\n      <img loading=\"lazy\" decoding=\"async\" width=\"1300\" height=\"867\" src=\"https:\/\/antarja.you2.pl\/wp-content\/uploads\/2024\/06\/00034_antarja-1-1300x867.jpg\" class=\"attachment-large size-large\" alt=\"\" srcset=\"https:\/\/antarja.you2.pl\/wp-content\/uploads\/2024\/06\/00034_antarja-1-1300x867.jpg 1300w, https:\/\/antarja.you2.pl\/wp-content\/uploads\/2024\/06\/00034_antarja-1-800x533.jpg 800w, https:\/\/antarja.you2.pl\/wp-content\/uploads\/2024\/06\/00034_antarja-1-300x200.jpg 300w, https:\/\/antarja.you2.pl\/wp-content\/uploads\/2024\/06\/00034_antarja-1-768x512.jpg 768w, https:\/\/antarja.you2.pl\/wp-content\/uploads\/2024\/06\/00034_antarja-1-1536x1024.jpg 1536w, https:\/\/antarja.you2.pl\/wp-content\/uploads\/2024\/06\/00034_antarja-1-2048x1365.jpg 2048w\" sizes=\"auto, (max-width: 1300px) 100vw, 1300px\" \/>    <\/div>\n    <div class=\"news-tile__content mt-16 mt-mob-8\">\n      <h3 class=\"news-tile__title t-28 ls-7\">Koncert w Krakowie<\/h3>\n      <p class=\"news-tile__excerpt t-16 mt-8 lh-150\">6.07.2024 Letnie Koncerty Filharmonii Krakowskiej<\/p>\n    <\/div>\n  <\/a>\n<\/div>\n\n    <\/div>\n          <div class=\"latest-news__link-wrap center\">\n        <a href=\"https:\/\/antarjaquartet.com\/pl\/archiwum\/\" class=\"btn btn--rose-bg mt-60 mt-mob-40\" target=\"\">zobacz wi\u0119cej<\/a>\n      <\/div>\n      <\/div>\n<\/div>\n","protected":false},"excerpt":{"rendered":"","protected":false},"author":1,"featured_media":0,"parent":0,"menu_order":0,"comment_status":"closed","ping_status":"closed","template":"","meta":{"_acf_changed":false,"footnotes":""},"class_list":["post-187","page","type-page","status-publish","hentry"],"acf":[],"yoast_head":"<!-- This site is optimized with the Yoast SEO plugin v25.7 - https:\/\/yoast.com\/wordpress\/plugins\/seo\/ -->\n<title>Antarja - kwartet smyczkowy<\/title>\n<meta name=\"description\" content=\"Antarja Quartet to nowoczesny zesp\u00f3\u0142 \u0142\u0105cz\u0105cy klasyczny repertuar z premierami muzyki najnowszej.\" \/>\n<meta name=\"robots\" content=\"index, follow, max-snippet:-1, max-image-preview:large, max-video-preview:-1\" \/>\n<link rel=\"canonical\" href=\"https:\/\/antarjaquartet.com\/pl\/\" \/>\n<meta property=\"og:locale\" content=\"pl_PL\" \/>\n<meta property=\"og:type\" content=\"article\" \/>\n<meta property=\"og:title\" content=\"Antarja - kwartet smyczkowy\" \/>\n<meta property=\"og:description\" content=\"Antarja Quartet to nowoczesny zesp\u00f3\u0142 \u0142\u0105cz\u0105cy klasyczny repertuar z premierami muzyki najnowszej.\" \/>\n<meta property=\"og:url\" content=\"https:\/\/antarjaquartet.com\/pl\/\" \/>\n<meta property=\"og:site_name\" content=\"Antarja String Quartet\" \/>\n<meta property=\"article:publisher\" content=\"https:\/\/www.facebook.com\/AntarjaQuartet\/\" \/>\n<meta property=\"article:modified_time\" content=\"2024-10-27T15:50:54+00:00\" \/>\n<meta property=\"og:image\" content=\"https:\/\/antarja.you2.pl\/wp-content\/uploads\/2024\/10\/antarja_og_image.jpg\" \/>\n\t<meta property=\"og:image:width\" content=\"1200\" \/>\n\t<meta property=\"og:image:height\" content=\"675\" \/>\n\t<meta property=\"og:image:type\" content=\"image\/jpeg\" \/>\n<meta name=\"twitter:card\" content=\"summary_large_image\" \/>\n<script type=\"application\/ld+json\" class=\"yoast-schema-graph\">{\"@context\":\"https:\/\/schema.org\",\"@graph\":[{\"@type\":\"WebPage\",\"@id\":\"https:\/\/antarjaquartet.com\/pl\/\",\"url\":\"https:\/\/antarjaquartet.com\/pl\/\",\"name\":\"Antarja - kwartet smyczkowy\",\"isPartOf\":{\"@id\":\"https:\/\/antarjaquartet.com\/pl\/#website\"},\"datePublished\":\"2024-04-13T14:24:03+00:00\",\"dateModified\":\"2024-10-27T15:50:54+00:00\",\"description\":\"Antarja Quartet to nowoczesny zesp\u00f3\u0142 \u0142\u0105cz\u0105cy klasyczny repertuar z premierami muzyki najnowszej.\",\"breadcrumb\":{\"@id\":\"https:\/\/antarjaquartet.com\/pl\/#breadcrumb\"},\"inLanguage\":\"pl-PL\",\"potentialAction\":[{\"@type\":\"ReadAction\",\"target\":[\"https:\/\/antarjaquartet.com\/pl\/\"]}]},{\"@type\":\"BreadcrumbList\",\"@id\":\"https:\/\/antarjaquartet.com\/pl\/#breadcrumb\",\"itemListElement\":[{\"@type\":\"ListItem\",\"position\":1,\"name\":\"Strona g\u0142\u00f3wna\",\"item\":\"https:\/\/antarjaquartet.com\/pl\/\"},{\"@type\":\"ListItem\",\"position\":2,\"name\":\"Strona G\u0142\u00f3wna\"}]},{\"@type\":\"WebSite\",\"@id\":\"https:\/\/antarjaquartet.com\/pl\/#website\",\"url\":\"https:\/\/antarjaquartet.com\/pl\/\",\"name\":\"Antarja String Quartet\",\"description\":\"Antarja Quartet to nowoczesny zesp\u00f3\u0142 \u0142\u0105cz\u0105cy klasyczny repertuar z premierami muzyki najnowszej. Kwartet zdoby\u0142 uznanie za innowacyjne podej\u015bcie, wyst\u0119puj\u0105c na mi\u0119dzynarodowych scenach i wsp\u00f3\u0142pracuj\u0105c z r\u00f3\u017cnorodnymi artystami.\",\"publisher\":{\"@id\":\"https:\/\/antarjaquartet.com\/pl\/#organization\"},\"alternateName\":\"Antarja String Quartet\",\"potentialAction\":[{\"@type\":\"SearchAction\",\"target\":{\"@type\":\"EntryPoint\",\"urlTemplate\":\"https:\/\/antarjaquartet.com\/pl\/?s={search_term_string}\"},\"query-input\":{\"@type\":\"PropertyValueSpecification\",\"valueRequired\":true,\"valueName\":\"search_term_string\"}}],\"inLanguage\":\"pl-PL\"},{\"@type\":\"Organization\",\"@id\":\"https:\/\/antarjaquartet.com\/pl\/#organization\",\"name\":\"Antarja String Quartet\",\"alternateName\":\"Antarja String Quartet\",\"url\":\"https:\/\/antarjaquartet.com\/pl\/\",\"logo\":{\"@type\":\"ImageObject\",\"inLanguage\":\"pl-PL\",\"@id\":\"https:\/\/antarjaquartet.com\/pl\/#\/schema\/logo\/image\/\",\"url\":\"https:\/\/antarjaquartet.com\/wp-content\/uploads\/2024\/10\/ant_logo-sub-bl.png\",\"contentUrl\":\"https:\/\/antarjaquartet.com\/wp-content\/uploads\/2024\/10\/ant_logo-sub-bl.png\",\"width\":1162,\"height\":338,\"caption\":\"Antarja String Quartet\"},\"image\":{\"@id\":\"https:\/\/antarjaquartet.com\/pl\/#\/schema\/logo\/image\/\"},\"sameAs\":[\"https:\/\/www.facebook.com\/AntarjaQuartet\/\",\"https:\/\/www.instagram.com\/antarjaquartet\/\",\"https:\/\/www.youtube.com\/@antarjaquartet1853\",\"https:\/\/open.spotify.com\/artist\/2D388G4E2kAY98zZKSFEFI\"]}]}<\/script>\n<!-- \/ Yoast SEO plugin. -->","yoast_head_json":{"title":"Antarja - kwartet smyczkowy","description":"Antarja Quartet to nowoczesny zesp\u00f3\u0142 \u0142\u0105cz\u0105cy klasyczny repertuar z premierami muzyki najnowszej.","robots":{"index":"index","follow":"follow","max-snippet":"max-snippet:-1","max-image-preview":"max-image-preview:large","max-video-preview":"max-video-preview:-1"},"canonical":"https:\/\/antarjaquartet.com\/pl\/","og_locale":"pl_PL","og_type":"article","og_title":"Antarja - kwartet smyczkowy","og_description":"Antarja Quartet to nowoczesny zesp\u00f3\u0142 \u0142\u0105cz\u0105cy klasyczny repertuar z premierami muzyki najnowszej.","og_url":"https:\/\/antarjaquartet.com\/pl\/","og_site_name":"Antarja String Quartet","article_publisher":"https:\/\/www.facebook.com\/AntarjaQuartet\/","article_modified_time":"2024-10-27T15:50:54+00:00","og_image":[{"width":1200,"height":675,"url":"https:\/\/antarja.you2.pl\/wp-content\/uploads\/2024\/10\/antarja_og_image.jpg","type":"image\/jpeg"}],"twitter_card":"summary_large_image","schema":{"@context":"https:\/\/schema.org","@graph":[{"@type":"WebPage","@id":"https:\/\/antarjaquartet.com\/pl\/","url":"https:\/\/antarjaquartet.com\/pl\/","name":"Antarja - kwartet smyczkowy","isPartOf":{"@id":"https:\/\/antarjaquartet.com\/pl\/#website"},"datePublished":"2024-04-13T14:24:03+00:00","dateModified":"2024-10-27T15:50:54+00:00","description":"Antarja Quartet to nowoczesny zesp\u00f3\u0142 \u0142\u0105cz\u0105cy klasyczny repertuar z premierami muzyki najnowszej.","breadcrumb":{"@id":"https:\/\/antarjaquartet.com\/pl\/#breadcrumb"},"inLanguage":"pl-PL","potentialAction":[{"@type":"ReadAction","target":["https:\/\/antarjaquartet.com\/pl\/"]}]},{"@type":"BreadcrumbList","@id":"https:\/\/antarjaquartet.com\/pl\/#breadcrumb","itemListElement":[{"@type":"ListItem","position":1,"name":"Strona g\u0142\u00f3wna","item":"https:\/\/antarjaquartet.com\/pl\/"},{"@type":"ListItem","position":2,"name":"Strona G\u0142\u00f3wna"}]},{"@type":"WebSite","@id":"https:\/\/antarjaquartet.com\/pl\/#website","url":"https:\/\/antarjaquartet.com\/pl\/","name":"Antarja String Quartet","description":"Antarja Quartet to nowoczesny zesp\u00f3\u0142 \u0142\u0105cz\u0105cy klasyczny repertuar z premierami muzyki najnowszej. Kwartet zdoby\u0142 uznanie za innowacyjne podej\u015bcie, wyst\u0119puj\u0105c na mi\u0119dzynarodowych scenach i wsp\u00f3\u0142pracuj\u0105c z r\u00f3\u017cnorodnymi artystami.","publisher":{"@id":"https:\/\/antarjaquartet.com\/pl\/#organization"},"alternateName":"Antarja String Quartet","potentialAction":[{"@type":"SearchAction","target":{"@type":"EntryPoint","urlTemplate":"https:\/\/antarjaquartet.com\/pl\/?s={search_term_string}"},"query-input":{"@type":"PropertyValueSpecification","valueRequired":true,"valueName":"search_term_string"}}],"inLanguage":"pl-PL"},{"@type":"Organization","@id":"https:\/\/antarjaquartet.com\/pl\/#organization","name":"Antarja String Quartet","alternateName":"Antarja String Quartet","url":"https:\/\/antarjaquartet.com\/pl\/","logo":{"@type":"ImageObject","inLanguage":"pl-PL","@id":"https:\/\/antarjaquartet.com\/pl\/#\/schema\/logo\/image\/","url":"https:\/\/antarjaquartet.com\/wp-content\/uploads\/2024\/10\/ant_logo-sub-bl.png","contentUrl":"https:\/\/antarjaquartet.com\/wp-content\/uploads\/2024\/10\/ant_logo-sub-bl.png","width":1162,"height":338,"caption":"Antarja String Quartet"},"image":{"@id":"https:\/\/antarjaquartet.com\/pl\/#\/schema\/logo\/image\/"},"sameAs":["https:\/\/www.facebook.com\/AntarjaQuartet\/","https:\/\/www.instagram.com\/antarjaquartet\/","https:\/\/www.youtube.com\/@antarjaquartet1853","https:\/\/open.spotify.com\/artist\/2D388G4E2kAY98zZKSFEFI"]}]}},"_links":{"self":[{"href":"https:\/\/antarjaquartet.com\/pl\/wp-json\/wp\/v2\/pages\/187","targetHints":{"allow":["GET"]}}],"collection":[{"href":"https:\/\/antarjaquartet.com\/pl\/wp-json\/wp\/v2\/pages"}],"about":[{"href":"https:\/\/antarjaquartet.com\/pl\/wp-json\/wp\/v2\/types\/page"}],"author":[{"embeddable":true,"href":"https:\/\/antarjaquartet.com\/pl\/wp-json\/wp\/v2\/users\/1"}],"replies":[{"embeddable":true,"href":"https:\/\/antarjaquartet.com\/pl\/wp-json\/wp\/v2\/comments?post=187"}],"version-history":[{"count":18,"href":"https:\/\/antarjaquartet.com\/pl\/wp-json\/wp\/v2\/pages\/187\/revisions"}],"predecessor-version":[{"id":1059,"href":"https:\/\/antarjaquartet.com\/pl\/wp-json\/wp\/v2\/pages\/187\/revisions\/1059"}],"wp:attachment":[{"href":"https:\/\/antarjaquartet.com\/pl\/wp-json\/wp\/v2\/media?parent=187"}],"curies":[{"name":"wp","href":"https:\/\/api.w.org\/{rel}","templated":true}]}}