{"id":195,"date":"2024-04-13T14:24:29","date_gmt":"2024-04-13T14:24:29","guid":{"rendered":"http:\/\/antarja.local\/archiwum\/"},"modified":"2024-04-13T14:24:29","modified_gmt":"2024-04-13T14:24:29","slug":"archiwum","status":"publish","type":"page","link":"https:\/\/antarjaquartet.com\/pl\/archiwum\/","title":{"rendered":"Archiwum"},"content":{"rendered":"","protected":false},"excerpt":{"rendered":"","protected":false},"author":1,"featured_media":0,"parent":0,"menu_order":0,"comment_status":"closed","ping_status":"closed","template":"page-archive.php","meta":{"_acf_changed":false,"footnotes":""},"class_list":["post-195","page","type-page","status-publish","hentry"],"acf":[],"yoast_head":"<!-- This site is optimized with the Yoast SEO plugin v25.7 - https:\/\/yoast.com\/wordpress\/plugins\/seo\/ -->\n<title>Archiwum - Antarja String Quartet<\/title>\n<meta name=\"robots\" content=\"index, follow, max-snippet:-1, max-image-preview:large, max-video-preview:-1\" \/>\n<link rel=\"canonical\" href=\"https:\/\/antarjaquartet.com\/pl\/archiwum\/\" \/>\n<meta property=\"og:locale\" content=\"pl_PL\" \/>\n<meta property=\"og:type\" content=\"article\" \/>\n<meta property=\"og:title\" content=\"Archiwum - Antarja String Quartet\" \/>\n<meta property=\"og:url\" content=\"https:\/\/antarjaquartet.com\/pl\/archiwum\/\" \/>\n<meta property=\"og:site_name\" content=\"Antarja String Quartet\" \/>\n<meta property=\"article:publisher\" content=\"https:\/\/www.facebook.com\/AntarjaQuartet\/\" \/>\n<meta property=\"og:image\" content=\"https:\/\/antarja.you2.pl\/wp-content\/uploads\/2024\/10\/antarja_og_image.jpg\" \/>\n\t<meta property=\"og:image:width\" content=\"1200\" \/>\n\t<meta property=\"og:image:height\" content=\"675\" \/>\n\t<meta property=\"og:image:type\" content=\"image\/jpeg\" \/>\n<meta name=\"twitter:card\" content=\"summary_large_image\" \/>\n<script type=\"application\/ld+json\" class=\"yoast-schema-graph\">{\"@context\":\"https:\/\/schema.org\",\"@graph\":[{\"@type\":\"WebPage\",\"@id\":\"https:\/\/antarjaquartet.com\/pl\/archiwum\/\",\"url\":\"https:\/\/antarjaquartet.com\/pl\/archiwum\/\",\"name\":\"Archiwum - Antarja String Quartet\",\"isPartOf\":{\"@id\":\"https:\/\/antarjaquartet.com\/pl\/#website\"},\"datePublished\":\"2024-04-13T14:24:29+00:00\",\"breadcrumb\":{\"@id\":\"https:\/\/antarjaquartet.com\/pl\/archiwum\/#breadcrumb\"},\"inLanguage\":\"pl-PL\",\"potentialAction\":[{\"@type\":\"ReadAction\",\"target\":[\"https:\/\/antarjaquartet.com\/pl\/archiwum\/\"]}]},{\"@type\":\"BreadcrumbList\",\"@id\":\"https:\/\/antarjaquartet.com\/pl\/archiwum\/#breadcrumb\",\"itemListElement\":[{\"@type\":\"ListItem\",\"position\":1,\"name\":\"Strona g\u0142\u00f3wna\",\"item\":\"https:\/\/antarjaquartet.com\/pl\/\"},{\"@type\":\"ListItem\",\"position\":2,\"name\":\"Archiwum\"}]},{\"@type\":\"WebSite\",\"@id\":\"https:\/\/antarjaquartet.com\/pl\/#website\",\"url\":\"https:\/\/antarjaquartet.com\/pl\/\",\"name\":\"Antarja String Quartet\",\"description\":\"Antarja Quartet to nowoczesny zesp\u00f3\u0142 \u0142\u0105cz\u0105cy klasyczny repertuar z premierami muzyki najnowszej. Kwartet zdoby\u0142 uznanie za innowacyjne podej\u015bcie, wyst\u0119puj\u0105c na mi\u0119dzynarodowych scenach i wsp\u00f3\u0142pracuj\u0105c z r\u00f3\u017cnorodnymi artystami.\",\"publisher\":{\"@id\":\"https:\/\/antarjaquartet.com\/pl\/#organization\"},\"alternateName\":\"Antarja String Quartet\",\"potentialAction\":[{\"@type\":\"SearchAction\",\"target\":{\"@type\":\"EntryPoint\",\"urlTemplate\":\"https:\/\/antarjaquartet.com\/pl\/?s={search_term_string}\"},\"query-input\":{\"@type\":\"PropertyValueSpecification\",\"valueRequired\":true,\"valueName\":\"search_term_string\"}}],\"inLanguage\":\"pl-PL\"},{\"@type\":\"Organization\",\"@id\":\"https:\/\/antarjaquartet.com\/pl\/#organization\",\"name\":\"Antarja String Quartet\",\"alternateName\":\"Antarja String Quartet\",\"url\":\"https:\/\/antarjaquartet.com\/pl\/\",\"logo\":{\"@type\":\"ImageObject\",\"inLanguage\":\"pl-PL\",\"@id\":\"https:\/\/antarjaquartet.com\/pl\/#\/schema\/logo\/image\/\",\"url\":\"https:\/\/antarjaquartet.com\/wp-content\/uploads\/2024\/10\/ant_logo-sub-bl.png\",\"contentUrl\":\"https:\/\/antarjaquartet.com\/wp-content\/uploads\/2024\/10\/ant_logo-sub-bl.png\",\"width\":1162,\"height\":338,\"caption\":\"Antarja String Quartet\"},\"image\":{\"@id\":\"https:\/\/antarjaquartet.com\/pl\/#\/schema\/logo\/image\/\"},\"sameAs\":[\"https:\/\/www.facebook.com\/AntarjaQuartet\/\",\"https:\/\/www.instagram.com\/antarjaquartet\/\",\"https:\/\/www.youtube.com\/@antarjaquartet1853\",\"https:\/\/open.spotify.com\/artist\/2D388G4E2kAY98zZKSFEFI\"]}]}<\/script>\n<!-- \/ Yoast SEO plugin. -->","yoast_head_json":{"title":"Archiwum - Antarja String Quartet","robots":{"index":"index","follow":"follow","max-snippet":"max-snippet:-1","max-image-preview":"max-image-preview:large","max-video-preview":"max-video-preview:-1"},"canonical":"https:\/\/antarjaquartet.com\/pl\/archiwum\/","og_locale":"pl_PL","og_type":"article","og_title":"Archiwum - Antarja String Quartet","og_url":"https:\/\/antarjaquartet.com\/pl\/archiwum\/","og_site_name":"Antarja String Quartet","article_publisher":"https:\/\/www.facebook.com\/AntarjaQuartet\/","og_image":[{"width":1200,"height":675,"url":"https:\/\/antarja.you2.pl\/wp-content\/uploads\/2024\/10\/antarja_og_image.jpg","type":"image\/jpeg"}],"twitter_card":"summary_large_image","schema":{"@context":"https:\/\/schema.org","@graph":[{"@type":"WebPage","@id":"https:\/\/antarjaquartet.com\/pl\/archiwum\/","url":"https:\/\/antarjaquartet.com\/pl\/archiwum\/","name":"Archiwum - Antarja String Quartet","isPartOf":{"@id":"https:\/\/antarjaquartet.com\/pl\/#website"},"datePublished":"2024-04-13T14:24:29+00:00","breadcrumb":{"@id":"https:\/\/antarjaquartet.com\/pl\/archiwum\/#breadcrumb"},"inLanguage":"pl-PL","potentialAction":[{"@type":"ReadAction","target":["https:\/\/antarjaquartet.com\/pl\/archiwum\/"]}]},{"@type":"BreadcrumbList","@id":"https:\/\/antarjaquartet.com\/pl\/archiwum\/#breadcrumb","itemListElement":[{"@type":"ListItem","position":1,"name":"Strona g\u0142\u00f3wna","item":"https:\/\/antarjaquartet.com\/pl\/"},{"@type":"ListItem","position":2,"name":"Archiwum"}]},{"@type":"WebSite","@id":"https:\/\/antarjaquartet.com\/pl\/#website","url":"https:\/\/antarjaquartet.com\/pl\/","name":"Antarja String Quartet","description":"Antarja Quartet to nowoczesny zesp\u00f3\u0142 \u0142\u0105cz\u0105cy klasyczny repertuar z premierami muzyki najnowszej. Kwartet zdoby\u0142 uznanie za innowacyjne podej\u015bcie, wyst\u0119puj\u0105c na mi\u0119dzynarodowych scenach i wsp\u00f3\u0142pracuj\u0105c z r\u00f3\u017cnorodnymi artystami.","publisher":{"@id":"https:\/\/antarjaquartet.com\/pl\/#organization"},"alternateName":"Antarja String Quartet","potentialAction":[{"@type":"SearchAction","target":{"@type":"EntryPoint","urlTemplate":"https:\/\/antarjaquartet.com\/pl\/?s={search_term_string}"},"query-input":{"@type":"PropertyValueSpecification","valueRequired":true,"valueName":"search_term_string"}}],"inLanguage":"pl-PL"},{"@type":"Organization","@id":"https:\/\/antarjaquartet.com\/pl\/#organization","name":"Antarja String Quartet","alternateName":"Antarja String Quartet","url":"https:\/\/antarjaquartet.com\/pl\/","logo":{"@type":"ImageObject","inLanguage":"pl-PL","@id":"https:\/\/antarjaquartet.com\/pl\/#\/schema\/logo\/image\/","url":"https:\/\/antarjaquartet.com\/wp-content\/uploads\/2024\/10\/ant_logo-sub-bl.png","contentUrl":"https:\/\/antarjaquartet.com\/wp-content\/uploads\/2024\/10\/ant_logo-sub-bl.png","width":1162,"height":338,"caption":"Antarja String Quartet"},"image":{"@id":"https:\/\/antarjaquartet.com\/pl\/#\/schema\/logo\/image\/"},"sameAs":["https:\/\/www.facebook.com\/AntarjaQuartet\/","https:\/\/www.instagram.com\/antarjaquartet\/","https:\/\/www.youtube.com\/@antarjaquartet1853","https:\/\/open.spotify.com\/artist\/2D388G4E2kAY98zZKSFEFI"]}]}},"_links":{"self":[{"href":"https:\/\/antarjaquartet.com\/pl\/wp-json\/wp\/v2\/pages\/195","targetHints":{"allow":["GET"]}}],"collection":[{"href":"https:\/\/antarjaquartet.com\/pl\/wp-json\/wp\/v2\/pages"}],"about":[{"href":"https:\/\/antarjaquartet.com\/pl\/wp-json\/wp\/v2\/types\/page"}],"author":[{"embeddable":true,"href":"https:\/\/antarjaquartet.com\/pl\/wp-json\/wp\/v2\/users\/1"}],"replies":[{"embeddable":true,"href":"https:\/\/antarjaquartet.com\/pl\/wp-json\/wp\/v2\/comments?post=195"}],"version-history":[{"count":0,"href":"https:\/\/antarjaquartet.com\/pl\/wp-json\/wp\/v2\/pages\/195\/revisions"}],"wp:attachment":[{"href":"https:\/\/antarjaquartet.com\/pl\/wp-json\/wp\/v2\/media?parent=195"}],"curies":[{"name":"wp","href":"https:\/\/api.w.org\/{rel}","templated":true}]}}